{"id":2756,"date":"2024-09-25T19:39:24","date_gmt":"2024-09-25T16:39:24","guid":{"rendered":"https:\/\/provider-exim.md\/product\/folia-stretch\/"},"modified":"2024-09-25T19:39:24","modified_gmt":"2024-09-25T16:39:24","slug":"folia-stretch","status":"publish","type":"product","link":"https:\/\/provider-exim.md\/ro\/produs\/folia-stretch\/","title":{"rendered":"Folia stretch"},"content":{"rendered":"","protected":false},"excerpt":{"rendered":"<p>Folia stretch \u2014 un material de ambalare universal pentru rezolvarea unei game largi de sarcini.<\/p>\n<p>Folia stretch este un material cu o gam\u0103 larg\u0103 de aplica\u021bii. Folia stretch este utilizat\u0103 \u00een produc\u021bie \u0219i depozitare. Ambalarea manual\u0103 a m\u0103rfurilor sau pe linii automate nu se poate face f\u0103r\u0103 el. Ajut\u0103 la conservarea m\u0103rfurilor \u00een timpul transportului \u0219i la fixarea lor pe pale\u021bi. Este solicitat\u0103 de fermieri, reprezentan\u021bi ai organiza\u021biilor de catering, constructori \u0219i reparatori. Este o folie polimeric\u0103 sub\u021bire \u0219i elastic\u0103, iar propriet\u0103\u021bile sale speciale formeaz\u0103 o rezisten\u021b\u0103 uimitoare la trac\u021biune \u00een orice direc\u021bie.     <\/p>\n<p><strong>Caracteristici<\/strong><\/p>\n<p>Folia stretch are performan\u021be \u0219i caracteristici tehnice ridicate.<\/p>\n<p><strong>Transparen\u021b\u0103<\/strong><\/p>\n<p>Permite o vizualizare clar\u0103 a tot ceea ce este ambalat \u00eentr-o tav\u0103, platou sau palet.<\/p>\n<p><strong>Fixare<\/strong><\/p>\n<p>Elimin\u0103 complet riscul de alunecare nea\u0219teptat\u0103.<\/p>\n<p><strong>Rezisten\u021b\u0103<\/strong><\/p>\n<p>Atunci c\u00e2nd este \u00eentins\u0103 de-a lungul suprafe\u021bei m\u0103rfurilor, folia nu poate fi rupt\u0103 sau perforat\u0103, cresc\u00e2nd posibilitatea de conservare a produselor.<\/p>\n<p><strong>Recuperare<\/strong><\/p>\n<p>Folia este capabil\u0103 s\u0103 se \u00eentind\u0103 de 4-5 ori dimensiunea sa ini\u021bial\u0103, dar dup\u0103 \u00eentindere tinde s\u0103 \u00ee\u0219i recupereze parametrii ini\u021biali \u0219i, astfel, se potrive\u0219te perfect cu m\u0103rfurile.<\/p>\n<p><strong>Densitatea<\/strong><\/p>\n<p>Dac\u0103 densitatea este \u00een regiunea de 15-20 microni, articolul este ales pentru ambalarea produselor, iar 17-23 microni &#8211; pentru m\u0103rfuri grele pe pale\u021bi sau \u00een cutii.<\/p>\n<p><strong>Avantajele foliei stretch<\/strong><\/p>\n<ul>\n<li>asigur\u0103 o protec\u021bie fiabil\u0103 a m\u0103rfurilor ambalate \u00eempotriva deterior\u0103rilor externe, prafului \u0219i umidit\u0103\u021bii;<\/li>\n<li>este extensibil\u0103, are o elasticitate ridicat\u0103;<\/li>\n<li>ambalatorul nu trebuie s\u0103 depun\u0103 un efort fizic semnificativ atunci c\u00e2nd lucreaz\u0103 cu materialul;<\/li>\n<li>mul\u021bumit\u0103 elasticit\u0103\u021bii \u0219i rezisten\u021bei, folia stretch permite protejarea m\u0103rfurilor de deterior\u0103ri \u00een timpul transportului \u0219i depozit\u0103rii;<\/li>\n<li>are o capacitate adeziv\u0103 excelent\u0103, asigur\u00e2nd o fixare fiabil\u0103 a ambalajelor \u0219i \u00eempiedic\u00e2nd divergen\u021ba acestora \u00een timpul transportului.<\/li>\n<\/ul>\n<p>De asemenea, folia stretch multifunc\u021bional\u0103 \u0219i profesional\u0103 are un grad ridicat de transparen\u021b\u0103, ceea ce asigur\u0103 controlul vizual asupra bunurilor ambalate f\u0103r\u0103 a fi nevoie s\u0103 le despacheta\u021bi. Acest lucru este convenabil pentru produc\u0103tori, companii de transport \u0219i lan\u021buri de magazine implicate \u00een v\u00e2nz\u0103ri cu ridicata \u0219i cu am\u0103nuntul. <\/p>\n<p>Este deosebit de eficient atunci c\u00e2nd este utilizat\u0103 cu produse alimentare, deoarece face depozitarea acestora sigur\u0103, reduce nivelul de condens format, p\u0103str\u00e2nd un aspect prezentabil \u0219i aroma.<\/p>\n<p>Plasa\u021bi ast\u0103zi o comand\u0103 pentru num\u0103rul necesar de rulouri! Acest lucru se poate face pe site-ul web al companiei. Ne ocup\u0103m de livrare nu doar \u00een Chi\u0219in\u0103u, dar \u0219i \u00een toat\u0103 Moldova.  <\/p>\n<p>Pre\u021bul foliei stretch se afl\u0103 \u00eentr-un interval acceptabil.<\/p>\n","protected":false},"featured_media":2250,"template":"","meta":[],"product_cat":[133],"product_tag":[],"class_list":{"0":"post-2756","1":"product","2":"type-product","3":"status-publish","4":"has-post-thumbnail","6":"product_cat-folie","8":"first","9":"instock","10":"taxable","11":"shipping-taxable","12":"product-type-simple"},"_links":{"self":[{"href":"https:\/\/provider-exim.md\/ro\/wp-json\/wp\/v2\/product\/2756","targetHints":{"allow":["GET"]}}],"collection":[{"href":"https:\/\/provider-exim.md\/ro\/wp-json\/wp\/v2\/product"}],"about":[{"href":"https:\/\/provider-exim.md\/ro\/wp-json\/wp\/v2\/types\/product"}],"wp:featuredmedia":[{"embeddable":true,"href":"https:\/\/provider-exim.md\/ro\/wp-json\/wp\/v2\/media\/2250"}],"wp:attachment":[{"href":"https:\/\/provider-exim.md\/ro\/wp-json\/wp\/v2\/media?parent=2756"}],"wp:term":[{"taxonomy":"product_cat","embeddable":true,"href":"https:\/\/provider-exim.md\/ro\/wp-json\/wp\/v2\/product_cat?post=2756"},{"taxonomy":"product_tag","embeddable":true,"href":"https:\/\/provider-exim.md\/ro\/wp-json\/wp\/v2\/product_tag?post=2756"}],"curies":[{"name":"wp","href":"https:\/\/api.w.org\/{rel}","templated":true}]}}