{"id":2753,"date":"2024-09-25T19:22:26","date_gmt":"2024-09-25T16:22:26","guid":{"rendered":"https:\/\/provider-exim.md\/product\/saci-de-gunoi\/"},"modified":"2024-09-25T19:22:26","modified_gmt":"2024-09-25T16:22:26","slug":"saci-de-gunoi","status":"publish","type":"product","link":"https:\/\/provider-exim.md\/ro\/produs\/saci-de-gunoi\/","title":{"rendered":"Saci de gunoi"},"content":{"rendered":"","protected":false},"excerpt":{"rendered":"<p><span style=\"font-weight: 400;\">Producem saci de gunoi \u00een diverse culori, dimensiuni \u0219i grosimi. Ambala\u021bi \u00een rulouri compacte, sacii no\u0219tri de gunoi sunt ergonomici \u0219i u\u0219or de utilizat. Suntem preg\u0103ti\u021bi s\u0103 furniz\u0103m fiec\u0103ruia dintre clien\u021bii no\u0219tri saci de \u00eenalt\u0103 calitate pentru scopul potrivit, \u00een orice cantitate \u0219i \u00een cele mai bune condi\u021bii.   <\/span><\/p>\n<p><span style=\"font-weight: 400;\">Gama noastr\u0103 de produse include \u00eentreaga palet\u0103 de pungi biodegradabile &#8211; pungi de tip maieu multicolore, pungi de ambalare cu \u0219i f\u0103r\u0103 pliu, pungi de gunoi, pungi imprimate (pungi cu logo-uri). Toate produsele au certificate corespunz\u0103toare \u0219i concluzii igienice.  <\/span><\/p>\n","protected":false},"featured_media":2236,"template":"","meta":[],"product_cat":[125,131],"product_tag":[],"class_list":{"0":"post-2753","1":"product","2":"type-product","3":"status-publish","4":"has-post-thumbnail","6":"product_cat-pungi-biodegradabile","7":"product_cat-saci-de-gunoi","9":"first","10":"instock","11":"taxable","12":"shipping-taxable","13":"product-type-simple"},"_links":{"self":[{"href":"https:\/\/provider-exim.md\/ro\/wp-json\/wp\/v2\/product\/2753","targetHints":{"allow":["GET"]}}],"collection":[{"href":"https:\/\/provider-exim.md\/ro\/wp-json\/wp\/v2\/product"}],"about":[{"href":"https:\/\/provider-exim.md\/ro\/wp-json\/wp\/v2\/types\/product"}],"wp:featuredmedia":[{"embeddable":true,"href":"https:\/\/provider-exim.md\/ro\/wp-json\/wp\/v2\/media\/2236"}],"wp:attachment":[{"href":"https:\/\/provider-exim.md\/ro\/wp-json\/wp\/v2\/media?parent=2753"}],"wp:term":[{"taxonomy":"product_cat","embeddable":true,"href":"https:\/\/provider-exim.md\/ro\/wp-json\/wp\/v2\/product_cat?post=2753"},{"taxonomy":"product_tag","embeddable":true,"href":"https:\/\/provider-exim.md\/ro\/wp-json\/wp\/v2\/product_tag?post=2753"}],"curies":[{"name":"wp","href":"https:\/\/api.w.org\/{rel}","templated":true}]}}