{"id":2752,"date":"2024-09-25T19:21:34","date_gmt":"2024-09-25T16:21:34","guid":{"rendered":"https:\/\/provider-exim.md\/product\/pungi-de-ambalare-din-polietilena\/"},"modified":"2024-09-25T19:21:34","modified_gmt":"2024-09-25T16:21:34","slug":"pungi-de-ambalare-din-polietilena","status":"publish","type":"product","link":"https:\/\/provider-exim.md\/ro\/produs\/pungi-de-ambalare-din-polietilena\/","title":{"rendered":"Pungi de ambalare din polietilen\u0103"},"content":{"rendered":"","protected":false},"excerpt":{"rendered":"<p><span style=\"font-weight: 400;\">Cel mai ieftin tip de ambalaj disponibil \u00een prezent este reprezentat de pungile de ambalare. Aceast\u0103 metod\u0103 de \u00eempachetare are o mare flexibilitate \u00een ceea ce prive\u0219te dimensiunea \u0219i tipul de produse. O gam\u0103 larg\u0103 de dimensiuni ale pungilor de ambalare permite \u00eempachetarea practic a oric\u0103rui produs \u0219i bun de uz casnic \u00een acestea.  <\/span><\/p>\n<p><span style=\"font-weight: 400;\">Pungile de ambalare sunt cel mai adesea utilizate \u00een comer\u021b, pentru ambalarea produselor alimentare, a m\u0103rfurilor \u00een vrac, a articolelor mici nealimentare \u0219i a m\u0103rfurilor cu greutate nu foarte mare. Pungile de ambalare nu numai c\u0103 faciliteaz\u0103 \u00eempachetarea diferitelor produse alimentare, ci \u0219i le m\u0103resc de mai multe ori durata de valabilitate. <\/span> <span style=\"font-weight: 400;\">Acestea <\/span><span style=\"font-weight: 400;\">sunt pliate \u00een straturi \u00een ambalaje speciale. \u00cen mijlocul ambalajului exist\u0103 un loc pentru o t\u0103ietur\u0103 prin care pungile pot fi scoase convenabil bucat\u0103 cu bucat\u0103.  <\/span><\/p>\n","protected":false},"featured_media":2238,"template":"","meta":[],"product_cat":[125,130],"product_tag":[],"class_list":{"0":"post-2752","1":"product","2":"type-product","3":"status-publish","4":"has-post-thumbnail","6":"product_cat-pungi-biodegradabile","7":"product_cat-pungi-de-ambalare","9":"first","10":"instock","11":"taxable","12":"shipping-taxable","13":"product-type-simple"},"_links":{"self":[{"href":"https:\/\/provider-exim.md\/ro\/wp-json\/wp\/v2\/product\/2752","targetHints":{"allow":["GET"]}}],"collection":[{"href":"https:\/\/provider-exim.md\/ro\/wp-json\/wp\/v2\/product"}],"about":[{"href":"https:\/\/provider-exim.md\/ro\/wp-json\/wp\/v2\/types\/product"}],"wp:featuredmedia":[{"embeddable":true,"href":"https:\/\/provider-exim.md\/ro\/wp-json\/wp\/v2\/media\/2238"}],"wp:attachment":[{"href":"https:\/\/provider-exim.md\/ro\/wp-json\/wp\/v2\/media?parent=2752"}],"wp:term":[{"taxonomy":"product_cat","embeddable":true,"href":"https:\/\/provider-exim.md\/ro\/wp-json\/wp\/v2\/product_cat?post=2752"},{"taxonomy":"product_tag","embeddable":true,"href":"https:\/\/provider-exim.md\/ro\/wp-json\/wp\/v2\/product_tag?post=2752"}],"curies":[{"name":"wp","href":"https:\/\/api.w.org\/{rel}","templated":true}]}}