{"id":2751,"date":"2024-09-25T19:20:04","date_gmt":"2024-09-25T16:20:04","guid":{"rendered":"https:\/\/provider-exim.md\/product\/pungi-tip-banana-cu-imprimeu\/"},"modified":"2024-09-25T19:20:04","modified_gmt":"2024-09-25T16:20:04","slug":"pungi-tip-banana-cu-imprimeu","status":"publish","type":"product","link":"https:\/\/provider-exim.md\/ro\/produs\/pungi-tip-banana-cu-imprimeu\/","title":{"rendered":"Pungi tip banan\u0103 cu imprimeu"},"content":{"rendered":"","protected":false},"excerpt":{"rendered":"<p>Pungi tip banan\u0103 sunt solu\u021bia ideal\u0103 de ambalare pentru o varietate de aplica\u021bii, inclusiv retail, gastronomie \u0219i industrie. Fabricate din materiale de \u00eenalt\u0103 calitate \u0219i ecologice, aceste pungi sunt puternice \u0219i durabile, asigur\u00e2nd o bun\u0103 protec\u021bie a con\u021binutului. <\/p>\n<p><strong>Caracteristicile produsului:<\/strong><\/p>\n<ul>\n<li><strong>Form\u0103 convenabil\u0103<\/strong>: Forma unic\u0103 a pungii asigur\u0103 o purtare confortabil\u0103 \u0219i acces u\u0219or la bunuri.<\/li>\n<li><strong>Imprimare de \u00eenalt\u0103 calitate<\/strong>: Designul \u0219i logo-ul personalizat pot fi aplicate pentru a spori recunoa\u0219terea m\u0103rcii \u0219i a atrage aten\u021bia clien\u021bilor.<\/li>\n<li><strong>Ecologic<\/strong>: Utilizarea materialelor reciclate confirm\u0103 angajamentul companiei fa\u021b\u0103 de standardele de mediu.<\/li>\n<li><strong>Varietate de dimensiuni<\/strong>: Oferim pungi \u00eentr-o varietate de dimensiuni pentru a se potrivi oric\u0103rei categorii de produse.<\/li>\n<\/ul>\n<p>Pungi tip banan\u0103 nu sunt doar func\u021bionale, ci \u0219i elegante \u0219i v\u0103 vor ajuta afacerea s\u0103 ias\u0103 \u00een eviden\u021b\u0103 fa\u021b\u0103 de concuren\u021b\u0103.<\/p>\n","protected":false},"featured_media":2164,"template":"","meta":[],"product_cat":[125,129],"product_tag":[],"class_list":{"0":"post-2751","1":"product","2":"type-product","3":"status-publish","4":"has-post-thumbnail","6":"product_cat-pungi-biodegradabile","7":"product_cat-pungi-tip-banana-cu-imprimeu","9":"first","10":"instock","11":"taxable","12":"shipping-taxable","13":"product-type-simple"},"_links":{"self":[{"href":"https:\/\/provider-exim.md\/ro\/wp-json\/wp\/v2\/product\/2751","targetHints":{"allow":["GET"]}}],"collection":[{"href":"https:\/\/provider-exim.md\/ro\/wp-json\/wp\/v2\/product"}],"about":[{"href":"https:\/\/provider-exim.md\/ro\/wp-json\/wp\/v2\/types\/product"}],"wp:featuredmedia":[{"embeddable":true,"href":"https:\/\/provider-exim.md\/ro\/wp-json\/wp\/v2\/media\/2164"}],"wp:attachment":[{"href":"https:\/\/provider-exim.md\/ro\/wp-json\/wp\/v2\/media?parent=2751"}],"wp:term":[{"taxonomy":"product_cat","embeddable":true,"href":"https:\/\/provider-exim.md\/ro\/wp-json\/wp\/v2\/product_cat?post=2751"},{"taxonomy":"product_tag","embeddable":true,"href":"https:\/\/provider-exim.md\/ro\/wp-json\/wp\/v2\/product_tag?post=2751"}],"curies":[{"name":"wp","href":"https:\/\/api.w.org\/{rel}","templated":true}]}}