{"id":2747,"date":"2024-09-25T19:47:02","date_gmt":"2024-09-25T16:47:02","guid":{"rendered":"https:\/\/provider-exim.md\/product\/vesela-de-unica-folosinta\/"},"modified":"2024-09-25T19:47:02","modified_gmt":"2024-09-25T16:47:02","slug":"vesela-de-unica-folosinta","status":"publish","type":"product","link":"https:\/\/provider-exim.md\/ro\/produs\/vesela-de-unica-folosinta\/","title":{"rendered":"Vesel\u0103 de unic\u0103 folosin\u021b\u0103"},"content":{"rendered":"","protected":false},"excerpt":{"rendered":"<p>Vesela noastr\u0103 de unic\u0103 folosin\u021b\u0103 este solu\u021bia perfect\u0103 pentru afacerea sau evenimentul dvs. unde confortul \u0219i caracterul practic sunt esen\u021biale.<br \/>Oferim o gam\u0103 larg\u0103 de produse, inclusiv farfurii, pahare, recipiente \u0219i tac\u00e2muri care sunt ideale pentru o varietate de ocazii, de la bufete \u0219i picnicuri la catering \u0219i catering pentru restaurante. <\/p>\n<p>Fiecare produs din gama noastr\u0103 este fabricat din materiale de \u00eenalt\u0103 calitate pentru a asigura fiabilitatea \u0219i siguran\u021ba \u00een timpul utiliz\u0103rii. Vesela noastr\u0103 de unic\u0103 folosin\u021b\u0103 nu este doar convenabil\u0103, ci \u0219i ecologic\u0103, deoarece ader\u0103m la principii de produc\u021bie sustenabile. <\/p>\n<p><strong>Avantaje:<\/strong><\/p>\n<ul>\n<li><strong>Comoditate<\/strong>: u\u0219or de utilizat \u0219i de eliminat.<\/li>\n<li><strong>Varietate<\/strong>: o gam\u0103 larg\u0103 de formate \u0219i modele pentru a se potrivi fiec\u0103rui stil.<\/li>\n<li><strong>Calitate<\/strong>: produsele sunt strict controlate \u00een toate etapele de produc\u021bie.<\/li>\n<\/ul>\n<p>Alege\u021bi vesela noastr\u0103 de unic\u0103 folosin\u021b\u0103 \u0219i face\u021bi evenimentul dvs. simplu \u0219i memorabil!<\/p>\n","protected":false},"featured_media":2248,"template":"","meta":[],"product_cat":[124],"product_tag":[],"class_list":{"0":"post-2747","1":"product","2":"type-product","3":"status-publish","4":"has-post-thumbnail","6":"product_cat-vesela-de-unica-folosinta","8":"first","9":"instock","10":"taxable","11":"shipping-taxable","12":"product-type-simple"},"_links":{"self":[{"href":"https:\/\/provider-exim.md\/ro\/wp-json\/wp\/v2\/product\/2747","targetHints":{"allow":["GET"]}}],"collection":[{"href":"https:\/\/provider-exim.md\/ro\/wp-json\/wp\/v2\/product"}],"about":[{"href":"https:\/\/provider-exim.md\/ro\/wp-json\/wp\/v2\/types\/product"}],"wp:featuredmedia":[{"embeddable":true,"href":"https:\/\/provider-exim.md\/ro\/wp-json\/wp\/v2\/media\/2248"}],"wp:attachment":[{"href":"https:\/\/provider-exim.md\/ro\/wp-json\/wp\/v2\/media?parent=2747"}],"wp:term":[{"taxonomy":"product_cat","embeddable":true,"href":"https:\/\/provider-exim.md\/ro\/wp-json\/wp\/v2\/product_cat?post=2747"},{"taxonomy":"product_tag","embeddable":true,"href":"https:\/\/provider-exim.md\/ro\/wp-json\/wp\/v2\/product_tag?post=2747"}],"curies":[{"name":"wp","href":"https:\/\/api.w.org\/{rel}","templated":true}]}}