{"id":2773,"date":"2015-11-27T16:59:39","date_gmt":"2015-11-27T13:59:39","guid":{"rendered":"https:\/\/provider-exim.md\/?page_id=2773"},"modified":"2025-05-19T12:41:33","modified_gmt":"2025-05-19T09:41:33","slug":"contacte","status":"publish","type":"page","link":"https:\/\/provider-exim.md\/ro\/contacte\/","title":{"rendered":"Contacte"},"content":{"rendered":"<div class=\"wpb-content-wrapper\"><p>[vc_row css=&#8221;.vc_custom_1448990409591{margin-top: 50px !important;}&#8221;][vc_column width=&#8221;2\/3&#8243; css=&#8221;.vc_custom_1726749680406{padding-right: 20px !important;}&#8221;]\r\n\r\n<div class=\"\" >\r\n  <div class=\"large-12 columns  wd-title-section_l\" >\r\n      <h2>Contacta\u021bi-ne<\/h2>\r\n        <h5>Dac\u0103 ave\u021bi \u00eentreb\u0103ri sau dori\u021bi s\u0103 afla\u021bi mai multe despre produsele noastre, nu ezita\u021bi s\u0103 ne contacta\u021bi. Vom fi bucuro\u0219i s\u0103 r\u0103spundem \u00eentreb\u0103rilor dumneavoastr\u0103!<\/h5>\r\n    \r\n  <\/div>\r\n<\/div>\r\n\r\n  \r\n\n<div class=\"wpcf7 no-js\" id=\"wpcf7-f2795-o1\" lang=\"en-US\" dir=\"ltr\">\n<div class=\"screen-reader-response\"><p role=\"status\" aria-live=\"polite\" aria-atomic=\"true\"><\/p> <ul><\/ul><\/div>\n<form action=\"\/ro\/wp-json\/wp\/v2\/pages\/2773#wpcf7-f2795-o1\" method=\"post\" class=\"wpcf7-form init\" aria-label=\"Contact form\" novalidate=\"novalidate\" data-status=\"init\">\n<div style=\"display: none;\">\n<input type=\"hidden\" name=\"_wpcf7\" value=\"2795\" \/>\n<input type=\"hidden\" name=\"_wpcf7_version\" value=\"5.9.8\" \/>\n<input type=\"hidden\" name=\"_wpcf7_locale\" value=\"en_US\" \/>\n<input type=\"hidden\" name=\"_wpcf7_unit_tag\" value=\"wpcf7-f2795-o1\" \/>\n<input type=\"hidden\" name=\"_wpcf7_container_post\" value=\"0\" \/>\n<input type=\"hidden\" name=\"_wpcf7_posted_data_hash\" value=\"\" \/>\n<\/div>\n<div class=\"large-4 columns\">\n\t<p><span class=\"wpcf7-form-control-wrap\" data-name=\"your-name\"><input size=\"40\" maxlength=\"400\" class=\"wpcf7-form-control wpcf7-text wpcf7-validates-as-required\" aria-required=\"true\" aria-invalid=\"false\" placeholder=\"Numele\" value=\"\" type=\"text\" name=\"your-name\" \/><\/span>\n\t<\/p>\n<\/div>\n<div class=\"large-4 columns\">\n\t<p><span class=\"wpcf7-form-control-wrap\" data-name=\"your-email\"><input size=\"40\" maxlength=\"400\" class=\"wpcf7-form-control wpcf7-email wpcf7-validates-as-required wpcf7-text wpcf7-validates-as-email\" aria-required=\"true\" aria-invalid=\"false\" placeholder=\"Email\" value=\"\" type=\"email\" name=\"your-email\" \/><\/span>\n\t<\/p>\n<\/div>\n<div class=\"large-4 columns\">\n\t<p><span class=\"wpcf7-form-control-wrap\" data-name=\"tel-601\"><input size=\"40\" maxlength=\"400\" class=\"wpcf7-form-control wpcf7-tel wpcf7-validates-as-required wpcf7-text wpcf7-validates-as-tel\" aria-required=\"true\" aria-invalid=\"false\" placeholder=\"Nr. Telefon\" value=\"\" type=\"tel\" name=\"tel-601\" \/><\/span>\n\t<\/p>\n<\/div>\n<div class=\"large-12 columns\">\n\t<p><span class=\"wpcf7-form-control-wrap\" data-name=\"your-message\"><textarea cols=\"40\" rows=\"10\" maxlength=\"2000\" class=\"wpcf7-form-control wpcf7-textarea\" aria-invalid=\"false\" placeholder=\"Mesajul\" name=\"your-message\"><\/textarea><\/span>\n\t<\/p>\n<\/div>\n<div class=\"large-12 columns text-center\">\n\t<p><input class=\"wpcf7-form-control wpcf7-submit has-spinner button small\" type=\"submit\" value=\"Send\" \/>\n\t<\/p>\n<\/div><div class=\"wpcf7-response-output\" aria-hidden=\"true\"><\/div>\n<\/form>\n<\/div>\n[\/vc_column][vc_column width=&#8221;1\/3&#8243; css=&#8221;.vc_custom_1726750352198{padding-left: 20px !important;}&#8221;]\r\n\r\n<div class=\"\" >\r\n  <div class=\"large-12 columns  wd-title-section_l\" >\r\n      <h2>Contacte<\/h2>\r\n        <h5>Contacta\u021bi-ne pentru mai multe informa\u021bii<\/h5>\r\n    \r\n  <\/div>\r\n<\/div>\r\n\r\n  \r\n[vc_column_text css=&#8221;.vc_custom_1747643483534{padding-left: 20px !important;}&#8221;]<span style=\"font-weight: 400;\"><strong>Adresa<\/strong>: MD-2082, satul Goianii Vechi, Chi\u0219in\u0103u mun,<\/span><\/p>\n<p><span style=\"font-weight: 400;\">Chi\u0219in\u0103u mun.Chisinului strada 1<\/span><\/p>\n<p><strong>Telefon:<\/strong> +373 22 52 32 84<\/p>\n<p><strong>Mobil:<\/strong> +373 691 47 165<\/p>\n<p><strong>Email:<\/strong> providerexim@gmail.com[\/vc_column_text][\/vc_column][\/vc_row][vc_row full_width=&#8221;stretch_row_content&#8221;][vc_column][vc_gmaps link=&#8221;#E-8_JTNDaWZyYW1lJTIwc3JjJTNEJTIyaHR0cHMlM0ElMkYlMkZ3d3cuZ29vZ2xlLmNvbSUyRm1hcHMlMkZlbWJlZCUzRnBiJTNEJTIxMW0xOCUyMTFtMTIlMjExbTMlMjExZDI3MTQuMjM1MzY1NzY1MTMyNCUyMTJkMjguOTAyMjQ0Nzc2NzkzNDg4JTIxM2Q0Ny4xMzM2NTQ3MjA1MTY0MiUyMTJtMyUyMTFmMCUyMTJmMCUyMTNmMCUyMTNtMiUyMTFpMTAyNCUyMTJpNzY4JTIxNGYxMy4xJTIxM20zJTIxMW0yJTIxMXMweDQwYzk2MzBmODc5NWEwZWYlMjUzQTB4NTYzMmQyYzc1NjFhZjYwJTIxMnNQUk9WSURFUi1FWElNJTI1MjBTUkwlMjE1ZTAlMjEzbTIlMjExc3JvJTIxMnMlMjE0djE3MzI2MzA4MTM2NzQlMjE1bTIlMjExc3JvJTIxMnMlMjIlMjB3aWR0aCUzRCUyMjYwMCUyMiUyMGhlaWdodCUzRCUyMjQ1MCUyMiUyMHN0eWxlJTNEJTIyYm9yZGVyJTNBMCUzQiUyMiUyMGFsbG93ZnVsbHNjcmVlbiUzRCUyMiUyMiUyMGxvYWRpbmclM0QlMjJsYXp5JTIyJTIwcmVmZXJyZXJwb2xpY3klM0QlMjJuby1yZWZlcnJlci13aGVuLWRvd25ncmFkZSUyMiUzRSUzQyUyRmlmcmFtZSUzRQ==&#8221;][\/vc_column][\/vc_row]<\/p>\n<\/div>","protected":false},"excerpt":{"rendered":"<p>[vc_row css=&#8221;.vc_custom_1448990409591{margin-top: 50px !important;}&#8221;][vc_column width=&#8221;2\/3&#8243; css=&#8221;.vc_custom_1726749680406{padding-right: 20px !important;}&#8221;][\/vc_column][vc_column width=&#8221;1\/3&#8243; css=&#8221;.vc_custom_1726750352198{padding-left: 20px !important;}&#8221;][vc_column_text css=&#8221;.vc_custom_1747643483534{padding-left: 20px !important;}&#8221;]Adresa: MD-2082, satul Goianii Vechi, Chi\u0219in\u0103u mun, Chi\u0219in\u0103u mun.Chisinului strada 1 Telefon: +373 22 52 32 84 Mobil: +373 691 47 165 Email: providerexim@gmail.com[\/vc_column_text][\/vc_column][\/vc_row][vc_row full_width=&#8221;stretch_row_content&#8221;][vc_column][vc_gmaps link=&#8221;#E-8_JTNDaWZyYW1lJTIwc3JjJTNEJTIyaHR0cHMlM0ElMkYlMkZ3d3cuZ29vZ2xlLmNvbSUyRm1hcHMlMkZlbWJlZCUzRnBiJTNEJTIxMW0xOCUyMTFtMTIlMjExbTMlMjExZDI3MTQuMjM1MzY1NzY1MTMyNCUyMTJkMjguOTAyMjQ0Nzc2NzkzNDg4JTIxM2Q0Ny4xMzM2NTQ3MjA1MTY0MiUyMTJtMyUyMTFmMCUyMTJmMCUyMTNmMCUyMTNtMiUyMTFpMTAyNCUyMTJpNzY4JTIxNGYxMy4xJTIxM20zJTIxMW0yJTIxMXMweDQwYzk2MzBmODc5NWEwZWYlMjUzQTB4NTYzMmQyYzc1NjFhZjYwJTIxMnNQUk9WSURFUi1FWElNJTI1MjBTUkwlMjE1ZTAlMjEzbTIlMjExc3JvJTIxMnMlMjE0djE3MzI2MzA4MTM2NzQlMjE1bTIlMjExc3JvJTIxMnMlMjIlMjB3aWR0aCUzRCUyMjYwMCUyMiUyMGhlaWdodCUzRCUyMjQ1MCUyMiUyMHN0eWxlJTNEJTIyYm9yZGVyJTNBMCUzQiUyMiUyMGFsbG93ZnVsbHNjcmVlbiUzRCUyMiUyMiUyMGxvYWRpbmclM0QlMjJsYXp5JTIyJTIwcmVmZXJyZXJwb2xpY3klM0QlMjJuby1yZWZlcnJlci13aGVuLWRvd25ncmFkZSUyMiUzRSUzQyUyRmlmcmFtZSUzRQ==&#8221;][\/vc_column][\/vc_row]<\/p>\n","protected":false},"author":1,"featured_media":0,"parent":0,"menu_order":0,"comment_status":"closed","ping_status":"closed","template":"","meta":{"footnotes":""},"class_list":["post-2773","page","type-page","status-publish","hentry"],"_links":{"self":[{"href":"https:\/\/provider-exim.md\/ro\/wp-json\/wp\/v2\/pages\/2773","targetHints":{"allow":["GET"]}}],"collection":[{"href":"https:\/\/provider-exim.md\/ro\/wp-json\/wp\/v2\/pages"}],"about":[{"href":"https:\/\/provider-exim.md\/ro\/wp-json\/wp\/v2\/types\/page"}],"author":[{"embeddable":true,"href":"https:\/\/provider-exim.md\/ro\/wp-json\/wp\/v2\/users\/1"}],"replies":[{"embeddable":true,"href":"https:\/\/provider-exim.md\/ro\/wp-json\/wp\/v2\/comments?post=2773"}],"version-history":[{"count":4,"href":"https:\/\/provider-exim.md\/ro\/wp-json\/wp\/v2\/pages\/2773\/revisions"}],"predecessor-version":[{"id":2799,"href":"https:\/\/provider-exim.md\/ro\/wp-json\/wp\/v2\/pages\/2773\/revisions\/2799"}],"wp:attachment":[{"href":"https:\/\/provider-exim.md\/ro\/wp-json\/wp\/v2\/media?parent=2773"}],"curies":[{"name":"wp","href":"https:\/\/api.w.org\/{rel}","templated":true}]}}